{"id":279,"date":"2019-09-14T17:33:50","date_gmt":"2019-09-14T15:33:50","guid":{"rendered":"https:\/\/outpost.garf.de\/wordpress\/index.php\/home-deutsch\/"},"modified":"2020-04-26T16:41:40","modified_gmt":"2020-04-26T14:41:40","slug":"home-deutsch","status":"publish","type":"page","link":"https:\/\/outpost.garf.de\/wordpress\/index.php\/de\/home-deutsch\/","title":{"rendered":"Startseite &#8211; Deutsch"},"content":{"rendered":"<ul class=\"wp-block-latest-posts__list has-dates wp-block-latest-posts\"><li><div class=\"wp-block-latest-posts__featured-image\"><img loading=\"lazy\" decoding=\"async\" width=\"150\" height=\"150\" src=\"https:\/\/outpost.garf.de\/wordpress\/wp-content\/uploads\/2024\/02\/20240212-100121-wt-Basteleien-0002-150x150.jpg\" class=\"attachment-thumbnail size-thumbnail wp-post-image\" alt=\"\" style=\"\" \/><\/div><a class=\"wp-block-latest-posts__post-title\" href=\"https:\/\/outpost.garf.de\/wordpress\/index.php\/2024\/02\/12\/epaper-tags-as-trash-reminders-and-more\/\">ePaper Tags as Trash Reminders and more<\/a><time datetime=\"2024-02-12T13:02:56+01:00\" class=\"wp-block-latest-posts__post-date\">2024-02-12<\/time><div class=\"wp-block-latest-posts__post-excerpt\">When do I have to bring out the trash? We here in the nice city of Bad Homburg have 4 different trash collections (not counting the &#8222;special&#8220; collections like garden waste etc.): So you see its complicated. And we have to bring the waste bin to the edge of the street for collection on the\u2026\u00a0<a class=\"wp-block-latest-posts__read-more\" href=\"https:\/\/outpost.garf.de\/wordpress\/index.php\/2024\/02\/12\/epaper-tags-as-trash-reminders-and-more\/\" rel=\"noopener noreferrer\"><span class=\"screen-reader-text\">ePaper Tags as Trash Reminders and more <\/span>weiterlesen<\/a><\/div><\/li>\n<li><div class=\"wp-block-latest-posts__featured-image\"><img loading=\"lazy\" decoding=\"async\" width=\"150\" height=\"150\" src=\"https:\/\/outpost.garf.de\/wordpress\/wp-content\/uploads\/2022\/08\/546-150x150.jpg\" class=\"attachment-thumbnail size-thumbnail wp-post-image\" alt=\"\" style=\"\" \/><\/div><a class=\"wp-block-latest-posts__post-title\" href=\"https:\/\/outpost.garf.de\/wordpress\/index.php\/de\/2022\/08\/18\/stromzaehler-optisch-auslesen\/\">Stromz\u00e4hler optisch auslesen<\/a><time datetime=\"2022-08-18T19:35:12+02:00\" class=\"wp-block-latest-posts__post-date\">2022-08-18<\/time><div class=\"wp-block-latest-posts__post-excerpt\">Da es hier vor kurzem endlich moderne Stromz\u00e4hler gab und das Thema wahrscheinlich eher l\u00e4nderspezifisch ist, schreibe ich diesen Artikel zur Abwechslung auf Deutsch. Idee Die Idee stammt von volkszaehler.org, wobei deren L\u00f6sung nicht so ganz zu meiner Hausautomatisierung passt. Aber auch bei esphome.io gibt es alles an Software was man braucht. Material Der von\u2026\u00a0<a class=\"wp-block-latest-posts__read-more\" href=\"https:\/\/outpost.garf.de\/wordpress\/index.php\/de\/2022\/08\/18\/stromzaehler-optisch-auslesen\/\" rel=\"noopener noreferrer\"><span class=\"screen-reader-text\">Stromz\u00e4hler optisch auslesen <\/span>weiterlesen<\/a><\/div><\/li>\n<li><div class=\"wp-block-latest-posts__featured-image\"><img loading=\"lazy\" decoding=\"async\" width=\"150\" height=\"150\" src=\"https:\/\/outpost.garf.de\/wordpress\/wp-content\/uploads\/2022\/08\/537-150x150.jpg\" class=\"attachment-thumbnail size-thumbnail wp-post-image\" alt=\"\" style=\"\" \/><\/div><a class=\"wp-block-latest-posts__post-title\" href=\"https:\/\/outpost.garf.de\/wordpress\/index.php\/de\/2022\/08\/07\/schmetterlingsweg-bei-pfaffenwiesbach\/\">Schmetterlingsweg bei Pfaffenwiesbach<\/a><time datetime=\"2022-08-07T17:13:32+02:00\" class=\"wp-block-latest-posts__post-date\">2022-08-07<\/time><div class=\"wp-block-latest-posts__post-excerpt\">Da wir relativ sp\u00e4t erst loskommen heute nur eine kleine Tour. Bei Pfaffenwiesbach sind wir schonmal eine Tour gegangen, diesmal war der Schmetterlingsweg dran, die Idee hatte ich von ich-geh-wandern.de Wir starten nach einer kleinen Ortsrundfahrt durch Pfaffenwiesbach (ich hatte die Abzweigung verpasst) vom Wanderparkplatz Jungholz aus (der ziemlich leer ist und keine Schattenparkpl\u00e4tze hat).\u2026\u00a0<a class=\"wp-block-latest-posts__read-more\" href=\"https:\/\/outpost.garf.de\/wordpress\/index.php\/de\/2022\/08\/07\/schmetterlingsweg-bei-pfaffenwiesbach\/\" rel=\"noopener noreferrer\"><span class=\"screen-reader-text\">Schmetterlingsweg bei Pfaffenwiesbach <\/span>weiterlesen<\/a><\/div><\/li>\n<li><div class=\"wp-block-latest-posts__featured-image\"><img loading=\"lazy\" decoding=\"async\" width=\"150\" height=\"150\" src=\"https:\/\/outpost.garf.de\/wordpress\/wp-content\/uploads\/2022\/08\/530-150x150.jpg\" class=\"attachment-thumbnail size-thumbnail wp-post-image\" alt=\"\" style=\"\" \/><\/div><a class=\"wp-block-latest-posts__post-title\" href=\"https:\/\/outpost.garf.de\/wordpress\/index.php\/de\/2022\/07\/31\/von-der-tenohuette-auf-den-altkoenig\/\">Von der Tenoh\u00fctte auf den Altk\u00f6nig<\/a><time datetime=\"2022-07-31T16:46:00+02:00\" class=\"wp-block-latest-posts__post-date\">2022-07-31<\/time><div class=\"wp-block-latest-posts__post-excerpt\">Diese Tour steht nirgends, meine Frau hat sie mit der Alpenvereins-App selbst zusammegestellt. Ziel war es eine etwas anspruchsvollere Tour zu machen um zu testen wie fit wir f\u00fcr unseren Alpenurlaub sind (Ergebnis: K\u00f6nnte besser sein, passt aber schon). Wir starten am Wanderparkplatz Tenoh\u00fctte der heute am Sonntag bis fast auf den letzten Platz voll\u2026\u00a0<a class=\"wp-block-latest-posts__read-more\" href=\"https:\/\/outpost.garf.de\/wordpress\/index.php\/de\/2022\/07\/31\/von-der-tenohuette-auf-den-altkoenig\/\" rel=\"noopener noreferrer\"><span class=\"screen-reader-text\">Von der Tenoh\u00fctte auf den Altk\u00f6nig <\/span>weiterlesen<\/a><\/div><\/li>\n<li><div class=\"wp-block-latest-posts__featured-image\"><img loading=\"lazy\" decoding=\"async\" width=\"150\" height=\"150\" src=\"https:\/\/outpost.garf.de\/wordpress\/wp-content\/uploads\/2022\/06\/524-150x150.jpg\" class=\"attachment-thumbnail size-thumbnail wp-post-image\" alt=\"\" style=\"\" \/><\/div><a class=\"wp-block-latest-posts__post-title\" href=\"https:\/\/outpost.garf.de\/wordpress\/index.php\/de\/2022\/06\/26\/saalburg-hohemark\/\">Saalburg &#8211; Hohemark<\/a><time datetime=\"2022-06-26T18:15:04+02:00\" class=\"wp-block-latest-posts__post-date\">2022-06-26<\/time><div class=\"wp-block-latest-posts__post-excerpt\">Da es sehr warm werden sollte, suchten wir eine Tour mit m\u00f6glichst guter Beschattung. Au\u00dferdem ist Pfifferlingzeit und das Waldtraut in Oberursel Hohemark hat eine sehr gute Pfifferlingkarte womit unser Ziel feststand. Von wo starten? Zu kurz sollte es auch nicht sein, also mit dem Bus Nr. 5 zur Saalburg. Dort zuerst der Beschilderung &#8222;Herzberg&#8220;\u2026\u00a0<a class=\"wp-block-latest-posts__read-more\" href=\"https:\/\/outpost.garf.de\/wordpress\/index.php\/de\/2022\/06\/26\/saalburg-hohemark\/\" rel=\"noopener noreferrer\"><span class=\"screen-reader-text\">Saalburg &#8211; Hohemark <\/span>weiterlesen<\/a><\/div><\/li>\n<\/ul>\n\n\n<p><\/p>","protected":false},"excerpt":{"rendered":"","protected":false},"author":1,"featured_media":0,"parent":0,"menu_order":0,"comment_status":"closed","ping_status":"closed","template":"","meta":{"zakra_page_container_layout":"customizer","zakra_page_sidebar_layout":"customizer","zakra_remove_content_margin":false,"zakra_sidebar":"customizer","zakra_transparent_header":"customizer","zakra_logo":0,"zakra_main_header_style":"default","zakra_menu_item_color":"","zakra_menu_item_hover_color":"","zakra_menu_item_active_color":"","zakra_menu_active_style":"","zakra_page_header":true,"footnotes":""},"class_list":["post-279","page","type-page","status-publish","hentry"],"_links":{"self":[{"href":"https:\/\/outpost.garf.de\/wordpress\/index.php\/wp-json\/wp\/v2\/pages\/279","targetHints":{"allow":["GET"]}}],"collection":[{"href":"https:\/\/outpost.garf.de\/wordpress\/index.php\/wp-json\/wp\/v2\/pages"}],"about":[{"href":"https:\/\/outpost.garf.de\/wordpress\/index.php\/wp-json\/wp\/v2\/types\/page"}],"author":[{"embeddable":true,"href":"https:\/\/outpost.garf.de\/wordpress\/index.php\/wp-json\/wp\/v2\/users\/1"}],"replies":[{"embeddable":true,"href":"https:\/\/outpost.garf.de\/wordpress\/index.php\/wp-json\/wp\/v2\/comments?post=279"}],"version-history":[{"count":1,"href":"https:\/\/outpost.garf.de\/wordpress\/index.php\/wp-json\/wp\/v2\/pages\/279\/revisions"}],"predecessor-version":[{"id":289,"href":"https:\/\/outpost.garf.de\/wordpress\/index.php\/wp-json\/wp\/v2\/pages\/279\/revisions\/289"}],"wp:attachment":[{"href":"https:\/\/outpost.garf.de\/wordpress\/index.php\/wp-json\/wp\/v2\/media?parent=279"}],"curies":[{"name":"wp","href":"https:\/\/api.w.org\/{rel}","templated":true}]}}