{"id":198,"date":"2019-09-14T17:33:50","date_gmt":"2019-09-14T15:33:50","guid":{"rendered":"https:\/\/outpost.garf.de\/wordpress\/?page_id=198"},"modified":"2021-05-17T19:24:32","modified_gmt":"2021-05-17T17:24:32","slug":"home","status":"publish","type":"page","link":"https:\/\/outpost.garf.de\/wordpress\/","title":{"rendered":"Home"},"content":{"rendered":"<ul class=\"wp-block-latest-posts__list has-dates wp-block-latest-posts\"><li><div class=\"wp-block-latest-posts__featured-image\"><img loading=\"lazy\" decoding=\"async\" width=\"150\" height=\"150\" src=\"https:\/\/outpost.garf.de\/wordpress\/wp-content\/uploads\/2024\/02\/20240212-100121-wt-Basteleien-0002-150x150.jpg\" class=\"attachment-thumbnail size-thumbnail wp-post-image\" alt=\"\" style=\"\" \/><\/div><a class=\"wp-block-latest-posts__post-title\" href=\"https:\/\/outpost.garf.de\/wordpress\/index.php\/2024\/02\/12\/epaper-tags-as-trash-reminders-and-more\/\">ePaper Tags as Trash Reminders and more<\/a><time datetime=\"2024-02-12T13:02:56+01:00\" class=\"wp-block-latest-posts__post-date\">2024-02-12<\/time><div class=\"wp-block-latest-posts__post-excerpt\">When do I have to bring out the trash? We here in the nice city of Bad Homburg have 4 different trash collections (not counting the &#8222;special&#8220; collections like garden waste etc.): So you see its complicated. And we have to bring the waste bin to the edge of the street for collection on the evening before (and take it back after it has been emptied). I am using HomeAssistant for my home automation, so the idea was to use that as a reminder when to move which of the bins to the street. Part 1 &#8211; setting up HomeAssistant\u2026\u00a0<a class=\"wp-block-latest-posts__read-more\" href=\"https:\/\/outpost.garf.de\/wordpress\/index.php\/2024\/02\/12\/epaper-tags-as-trash-reminders-and-more\/\" rel=\"noopener noreferrer\"><span class=\"screen-reader-text\">ePaper Tags as Trash Reminders and more <\/span>weiterlesen<\/a><\/div><\/li>\n<li><div class=\"wp-block-latest-posts__featured-image\"><img loading=\"lazy\" decoding=\"async\" width=\"150\" height=\"150\" src=\"https:\/\/outpost.garf.de\/wordpress\/wp-content\/uploads\/2022\/08\/546-150x150.jpg\" class=\"attachment-thumbnail size-thumbnail wp-post-image\" alt=\"\" style=\"\" \/><\/div><a class=\"wp-block-latest-posts__post-title\" href=\"https:\/\/outpost.garf.de\/wordpress\/index.php\/de\/2022\/08\/18\/stromzaehler-optisch-auslesen\/\">Stromz\u00e4hler optisch auslesen<\/a><time datetime=\"2022-08-18T19:35:12+02:00\" class=\"wp-block-latest-posts__post-date\">2022-08-18<\/time><div class=\"wp-block-latest-posts__post-excerpt\">Da es hier vor kurzem endlich moderne Stromz\u00e4hler gab und das Thema wahrscheinlich eher l\u00e4nderspezifisch ist, schreibe ich diesen Artikel zur Abwechslung auf Deutsch. Idee Die Idee stammt von volkszaehler.org, wobei deren L\u00f6sung nicht so ganz zu meiner Hausautomatisierung passt. Aber auch bei esphome.io gibt es alles an Software was man braucht. Material Der von mir gebaute Lesekopf kommt mit sehr wenigen Bauteilen aus: Infrarot-Fototransisor (z.B. SFH309, BPW40) Widerstand 1k Microcontroller D1 mini ESP32 (ein ESP8266 k\u00f6nnte es auch tun aber da der ESP32 nicht viel mehr kostet setze ich keine ESP8266 mehr ein) Ring-Magnet (25x6x13, z.B. hier) USB-Kabel und\u2026\u00a0<a class=\"wp-block-latest-posts__read-more\" href=\"https:\/\/outpost.garf.de\/wordpress\/index.php\/de\/2022\/08\/18\/stromzaehler-optisch-auslesen\/\" rel=\"noopener noreferrer\"><span class=\"screen-reader-text\">Stromz\u00e4hler optisch auslesen <\/span>weiterlesen<\/a><\/div><\/li>\n<li><div class=\"wp-block-latest-posts__featured-image\"><img loading=\"lazy\" decoding=\"async\" width=\"150\" height=\"150\" src=\"https:\/\/outpost.garf.de\/wordpress\/wp-content\/uploads\/2022\/08\/537-150x150.jpg\" class=\"attachment-thumbnail size-thumbnail wp-post-image\" alt=\"\" style=\"\" \/><\/div><a class=\"wp-block-latest-posts__post-title\" href=\"https:\/\/outpost.garf.de\/wordpress\/index.php\/de\/2022\/08\/07\/schmetterlingsweg-bei-pfaffenwiesbach\/\">Schmetterlingsweg bei Pfaffenwiesbach<\/a><time datetime=\"2022-08-07T17:13:32+02:00\" class=\"wp-block-latest-posts__post-date\">2022-08-07<\/time><div class=\"wp-block-latest-posts__post-excerpt\">Da wir relativ sp\u00e4t erst loskommen heute nur eine kleine Tour. Bei Pfaffenwiesbach sind wir schonmal eine Tour gegangen, diesmal war der Schmetterlingsweg dran, die Idee hatte ich von ich-geh-wandern.de Wir starten nach einer kleinen Ortsrundfahrt durch Pfaffenwiesbach (ich hatte die Abzweigung verpasst) vom Wanderparkplatz Jungholz aus (der ziemlich leer ist und keine Schattenparkpl\u00e4tze hat). Es geht auf einen breiten Waldweg an einer kleinen Kappelle vorbei in den Wald. Der Weg wird nach und nach schmaler und ist auch ziemlich zugewachsen &#8211; er wird wohl nicht sehr oft begangen, an einigen Stellen fehlt auch die Beschilderung (gut dass ich mein\u2026\u00a0<a class=\"wp-block-latest-posts__read-more\" href=\"https:\/\/outpost.garf.de\/wordpress\/index.php\/de\/2022\/08\/07\/schmetterlingsweg-bei-pfaffenwiesbach\/\" rel=\"noopener noreferrer\"><span class=\"screen-reader-text\">Schmetterlingsweg bei Pfaffenwiesbach <\/span>weiterlesen<\/a><\/div><\/li>\n<li><div class=\"wp-block-latest-posts__featured-image\"><img loading=\"lazy\" decoding=\"async\" width=\"150\" height=\"150\" src=\"https:\/\/outpost.garf.de\/wordpress\/wp-content\/uploads\/2022\/08\/530-150x150.jpg\" class=\"attachment-thumbnail size-thumbnail wp-post-image\" alt=\"\" style=\"\" \/><\/div><a class=\"wp-block-latest-posts__post-title\" href=\"https:\/\/outpost.garf.de\/wordpress\/index.php\/de\/2022\/07\/31\/von-der-tenohuette-auf-den-altkoenig\/\">Von der Tenoh\u00fctte auf den Altk\u00f6nig<\/a><time datetime=\"2022-07-31T16:46:00+02:00\" class=\"wp-block-latest-posts__post-date\">2022-07-31<\/time><div class=\"wp-block-latest-posts__post-excerpt\">Diese Tour steht nirgends, meine Frau hat sie mit der Alpenvereins-App selbst zusammegestellt. Ziel war es eine etwas anspruchsvollere Tour zu machen um zu testen wie fit wir f\u00fcr unseren Alpenurlaub sind (Ergebnis: K\u00f6nnte besser sein, passt aber schon). Wir starten am Wanderparkplatz Tenoh\u00fctte der heute am Sonntag bis fast auf den letzten Platz voll ist. Woran wir nicht gedacht haben: Sonntags ist da im Sommer Waldgottesdienst. Es geht zur\u00fcck Richtung Strasse die wir direkt \u00fcberqueren und dieses Fahrzeug sehen. Ein breiter Forstweg steigt hier sachte an, wir gehen ca 700m bis wir an die Feldbergschneise kommen. Wir biegen links\u2026\u00a0<a class=\"wp-block-latest-posts__read-more\" href=\"https:\/\/outpost.garf.de\/wordpress\/index.php\/de\/2022\/07\/31\/von-der-tenohuette-auf-den-altkoenig\/\" rel=\"noopener noreferrer\"><span class=\"screen-reader-text\">Von der Tenoh\u00fctte auf den Altk\u00f6nig <\/span>weiterlesen<\/a><\/div><\/li>\n<li><div class=\"wp-block-latest-posts__featured-image\"><img loading=\"lazy\" decoding=\"async\" width=\"150\" height=\"150\" src=\"https:\/\/outpost.garf.de\/wordpress\/wp-content\/uploads\/2022\/06\/524-150x150.jpg\" class=\"attachment-thumbnail size-thumbnail wp-post-image\" alt=\"\" style=\"\" \/><\/div><a class=\"wp-block-latest-posts__post-title\" href=\"https:\/\/outpost.garf.de\/wordpress\/index.php\/de\/2022\/06\/26\/saalburg-hohemark\/\">Saalburg &#8211; Hohemark<\/a><time datetime=\"2022-06-26T18:15:04+02:00\" class=\"wp-block-latest-posts__post-date\">2022-06-26<\/time><div class=\"wp-block-latest-posts__post-excerpt\">Da es sehr warm werden sollte, suchten wir eine Tour mit m\u00f6glichst guter Beschattung. Au\u00dferdem ist Pfifferlingzeit und das Waldtraut in Oberursel Hohemark hat eine sehr gute Pfifferlingkarte womit unser Ziel feststand. Von wo starten? Zu kurz sollte es auch nicht sein, also mit dem Bus Nr. 5 zur Saalburg. Dort zuerst der Beschilderung &#8222;Herzberg&#8220; folgen, wir biegen dann aber von der Fahrstrasse links auf einen Forstweg ab. Ich dachte da w\u00e4ren wir relativ alleine, aber er ist wohl auch bei Mountainbikern gut bekannt. Wir gehen immer geradeaus, zuerst ist es noch etwas sonnig aber bald sind wir im Schatten.\u2026\u00a0<a class=\"wp-block-latest-posts__read-more\" href=\"https:\/\/outpost.garf.de\/wordpress\/index.php\/de\/2022\/06\/26\/saalburg-hohemark\/\" rel=\"noopener noreferrer\"><span class=\"screen-reader-text\">Saalburg &#8211; Hohemark <\/span>weiterlesen<\/a><\/div><\/li>\n<li><div class=\"wp-block-latest-posts__featured-image\"><img loading=\"lazy\" decoding=\"async\" width=\"150\" height=\"150\" src=\"https:\/\/outpost.garf.de\/wordpress\/wp-content\/uploads\/2022\/06\/511-150x150.jpg\" class=\"attachment-thumbnail size-thumbnail wp-post-image\" alt=\"\" style=\"\" \/><\/div><a class=\"wp-block-latest-posts__post-title\" href=\"https:\/\/outpost.garf.de\/wordpress\/index.php\/de\/2022\/06\/08\/specht-fuetterungszeit\/\">Specht: F\u00fctterungszeit<\/a><time datetime=\"2022-06-08T18:10:15+02:00\" class=\"wp-block-latest-posts__post-date\">2022-06-08<\/time><div class=\"wp-block-latest-posts__post-excerpt\">Manche Bilder verdienen einfach mehr Aufmerksamkeit als sie nur kurz bei Instagram oder Twitter zu posten. Hier ein paar Bilder die ich zuf\u00e4llig auf einer Wanderung auf einem Klompenpad bei Arnhem gemacht habe. Auf unserem Weg durch den Wald h\u00f6rten wir auf einmal aus der N\u00e4he sehr laute Vogelrufe die sich auch nicht bewegten. Wir schauten uns um und konnten zun\u00e4chst nichts auf den B\u00e4umen oder \u00c4sten entdecken. Da sahen wir auf einmal einen kleinen Kopf aus einen Loch in einem toten Baum herausschauen: Wir entfernten uns vom Baum und warteten. Der kleine Specht schaute etwas weiter heraus und war\u2026\u00a0<a class=\"wp-block-latest-posts__read-more\" href=\"https:\/\/outpost.garf.de\/wordpress\/index.php\/de\/2022\/06\/08\/specht-fuetterungszeit\/\" rel=\"noopener noreferrer\"><span class=\"screen-reader-text\">Specht: F\u00fctterungszeit <\/span>weiterlesen<\/a><\/div><\/li>\n<li><div class=\"wp-block-latest-posts__featured-image\"><img loading=\"lazy\" decoding=\"async\" width=\"150\" height=\"150\" src=\"https:\/\/outpost.garf.de\/wordpress\/wp-content\/uploads\/2022\/06\/511-150x150.jpg\" class=\"attachment-thumbnail size-thumbnail wp-post-image\" alt=\"\" style=\"\" \/><\/div><a class=\"wp-block-latest-posts__post-title\" href=\"https:\/\/outpost.garf.de\/wordpress\/index.php\/2022\/06\/08\/woodpecker-its-feeding-time\/\">Woodpecker &#8211; its feeding time<\/a><time datetime=\"2022-06-08T18:10:15+02:00\" class=\"wp-block-latest-posts__post-date\">2022-06-08<\/time><div class=\"wp-block-latest-posts__post-excerpt\">Some pictures deserve a bit more attention then just posting them to Instagram or Twitter with a few keywords added. This woodpecker feeding its young is such a picture. We were on a walk on a Klompenpad near Arnhem in the Netherlands when we heard loud bird noises. The noises came from quite nearby and did not move. We looked around for a bird on a branch or on a tree and saw nothing. Then finally a small head appeared inside a hole in a dead tree: We stepped away a bit and waited. The woodpecker looked out of the\u2026\u00a0<a class=\"wp-block-latest-posts__read-more\" href=\"https:\/\/outpost.garf.de\/wordpress\/index.php\/2022\/06\/08\/woodpecker-its-feeding-time\/\" rel=\"noopener noreferrer\"><span class=\"screen-reader-text\">Woodpecker &#8211; its feeding time <\/span>weiterlesen<\/a><\/div><\/li>\n<li><div class=\"wp-block-latest-posts__featured-image\"><img loading=\"lazy\" decoding=\"async\" width=\"150\" height=\"150\" src=\"https:\/\/outpost.garf.de\/wordpress\/wp-content\/uploads\/2022\/05\/20220501-124822-wt-Rumpenheim-0008-150x150.jpg\" class=\"attachment-thumbnail size-thumbnail wp-post-image\" alt=\"\" style=\"\" \/><\/div><a class=\"wp-block-latest-posts__post-title\" href=\"https:\/\/outpost.garf.de\/wordpress\/index.php\/de\/2022\/05\/01\/mainbogen-bei-rumpenheim\/\">Mainbogen bei Rumpenheim<\/a><time datetime=\"2022-05-01T16:17:51+02:00\" class=\"wp-block-latest-posts__post-date\">2022-05-01<\/time><div class=\"wp-block-latest-posts__post-excerpt\">Eine sch\u00f6ne Tour die wir von Ich-geh-wandern haben. Gleich vorneweg: Die Tour sollte man nur im Fr\u00fchjahr, Herbst (oder Winter) gehen. Im Sommer wird es wegen mangelnder Beschattung zu warm, ausserdem k\u00f6nnten einem M\u00fccken den Spa\u00df verderben. Wir starten am F\u00e4hrparkplatz in Rumpenheim. Trotz Sonntag\/Feiertag gibts hier auch um 11:30 noch viel Platz, man muss nur auf Kamikaze-Fahrradfahrer aufpassen. Den Main im Blick starten wir nach rechts, gehen aber (wegen der Fahrradfahrer) nicht auf dem asphaltierten Weg sondern daneben auf einem gut ausgetretenen Wiesenweg. Wir gehen entlang des Schultheis-Weiher, lassen ihn aber nicht komplett links liegen sondern gehen an einer\u2026\u00a0<a class=\"wp-block-latest-posts__read-more\" href=\"https:\/\/outpost.garf.de\/wordpress\/index.php\/de\/2022\/05\/01\/mainbogen-bei-rumpenheim\/\" rel=\"noopener noreferrer\"><span class=\"screen-reader-text\">Mainbogen bei Rumpenheim <\/span>weiterlesen<\/a><\/div><\/li>\n<li><div class=\"wp-block-latest-posts__featured-image\"><img loading=\"lazy\" decoding=\"async\" width=\"150\" height=\"150\" src=\"https:\/\/outpost.garf.de\/wordpress\/wp-content\/uploads\/2022\/01\/506-150x150.jpg\" class=\"attachment-thumbnail size-thumbnail wp-post-image\" alt=\"\" style=\"\" \/><\/div><a class=\"wp-block-latest-posts__post-title\" href=\"https:\/\/outpost.garf.de\/wordpress\/index.php\/2022\/01\/09\/new-home-network-current-setup\/\">New home network: Current setup<\/a><time datetime=\"2022-01-09T18:04:34+01:00\" class=\"wp-block-latest-posts__post-date\">2022-01-09<\/time><div class=\"wp-block-latest-posts__post-excerpt\">Second posting in my &#8222;new home network&#8220; series. Before you plan what you going to build, always do an inventory what you have. On the left side of the picture above you see my current physical setup. A few things to point out: our house has a cellar, a ground floor (living room and kitchen), first floor is for sleeping, top floor is my office we bought an existing house, running cables was difficult. I put in a new CAT6 cable from top to bottom, there was a cable from the basement into the living room (but with 4 wires\u2026\u00a0<a class=\"wp-block-latest-posts__read-more\" href=\"https:\/\/outpost.garf.de\/wordpress\/index.php\/2022\/01\/09\/new-home-network-current-setup\/\" rel=\"noopener noreferrer\"><span class=\"screen-reader-text\">New home network: Current setup <\/span>weiterlesen<\/a><\/div><\/li>\n<li><div class=\"wp-block-latest-posts__featured-image\"><img loading=\"lazy\" decoding=\"async\" width=\"150\" height=\"150\" src=\"https:\/\/outpost.garf.de\/wordpress\/wp-content\/uploads\/2022\/01\/IMG_2199-150x150.jpeg\" class=\"attachment-thumbnail size-thumbnail wp-post-image\" alt=\"\" style=\"\" \/><\/div><a class=\"wp-block-latest-posts__post-title\" href=\"https:\/\/outpost.garf.de\/wordpress\/index.php\/2022\/01\/06\/new-project-ipv6-only-home-network\/\">New project: IPv6 only home network<\/a><time datetime=\"2022-01-06T19:58:48+01:00\" class=\"wp-block-latest-posts__post-date\">2022-01-06<\/time><div class=\"wp-block-latest-posts__post-excerpt\">I have a new spare time (yes, I do have some spare time now and then) project: Re-building my home network so it runs IPv6 only. Yes. No legacy IP. Devices only get an IPv6 address. If they want to communicate with a device on the internet which is IPv4 only, a technique called NAT64 (and DNS64) needs to be used. My current firewall (actually I have two firewalls) &#8211; an Ubiquity Security Gateway &#8211; cannot do that. The USG feels like abandonware anyway &#8211; no real software update for a year now. So time to get rid of it.\u2026\u00a0<a class=\"wp-block-latest-posts__read-more\" href=\"https:\/\/outpost.garf.de\/wordpress\/index.php\/2022\/01\/06\/new-project-ipv6-only-home-network\/\" rel=\"noopener noreferrer\"><span class=\"screen-reader-text\">New project: IPv6 only home network <\/span>weiterlesen<\/a><\/div><\/li>\n<li><div class=\"wp-block-latest-posts__featured-image\"><img loading=\"lazy\" decoding=\"async\" width=\"150\" height=\"150\" src=\"https:\/\/outpost.garf.de\/wordpress\/wp-content\/uploads\/2022\/01\/494-150x150.jpg\" class=\"attachment-thumbnail size-thumbnail wp-post-image\" alt=\"\" style=\"\" \/><\/div><a class=\"wp-block-latest-posts__post-title\" href=\"https:\/\/outpost.garf.de\/wordpress\/index.php\/2022\/01\/03\/2022-fireworks-to-start-the-new-year\/\">2022: Fireworks to start the new year<\/a><time datetime=\"2022-01-03T20:59:48+01:00\" class=\"wp-block-latest-posts__post-date\">2022-01-03<\/time><div class=\"wp-block-latest-posts__post-excerpt\">Because of the ongoing pandemic the sale of fireworks in German was forbidden last year. So at least it no longer felt like being under attack around midnight when the new year began. To be clear: I have nothing against fireworks. If people want to (literally) burn their money to attract attention I am all for it. I rather spend my money on gear instead seing it going up in smoke. Also, I am busy enjoying myself and taking photos &#8211; so no time for fireworks. My setup this time was a little bit different than last time I did\u2026\u00a0<a class=\"wp-block-latest-posts__read-more\" href=\"https:\/\/outpost.garf.de\/wordpress\/index.php\/2022\/01\/03\/2022-fireworks-to-start-the-new-year\/\" rel=\"noopener noreferrer\"><span class=\"screen-reader-text\">2022: Fireworks to start the new year <\/span>weiterlesen<\/a><\/div><\/li>\n<li><div class=\"wp-block-latest-posts__featured-image\"><img loading=\"lazy\" decoding=\"async\" width=\"150\" height=\"150\" src=\"https:\/\/outpost.garf.de\/wordpress\/wp-content\/uploads\/2021\/12\/105-150x150.jpg\" class=\"attachment-thumbnail size-thumbnail wp-post-image\" alt=\"\" style=\"\" \/><\/div><a class=\"wp-block-latest-posts__post-title\" href=\"https:\/\/outpost.garf.de\/wordpress\/index.php\/de\/2021\/12\/31\/1955-als-europa-noch-grenzen-hatte\/\">1955: Als Europa noch Grenzen hatte<\/a><time datetime=\"2021-12-31T09:09:54+01:00\" class=\"wp-block-latest-posts__post-date\">2021-12-31<\/time><div class=\"wp-block-latest-posts__post-excerpt\">Dieses Bild aus dem Jahr 1955 zeigt deutlich wie absurd manche Grenzverl\u00e4ufe sind: Die Grenze zwischen \u00d6sterreich und Deutschland geht hier durch das Dorf Gro\u00dfgmain (auf der deutschen Seite &#8222;Bayerisch Gmain&#8220; genannt). Ganz link im Bild sieht man auf einem Schild &#8222;Grenzkontrollstelle Grossgmain&#8220; (dh. das Bild wurde von \u00d6sterreich aus aufgenommen), in der Mitte auf einem Pfosten das bayrische Wappen. Beide Grenzstationen sind in Betrieb und Einwohner und Besucher m\u00fcssen an jeder Station sich ausweisen. So gut dass in die Europ\u00e4ische Union diese Grenzkontrollen abgeschafft hat &#8211; heute geht man einfach von einem Teil der Gemeinde in den anderen.<\/div><\/li>\n<li><div class=\"wp-block-latest-posts__featured-image\"><img loading=\"lazy\" decoding=\"async\" width=\"150\" height=\"150\" src=\"https:\/\/outpost.garf.de\/wordpress\/wp-content\/uploads\/2021\/12\/105-150x150.jpg\" class=\"attachment-thumbnail size-thumbnail wp-post-image\" alt=\"\" style=\"\" \/><\/div><a class=\"wp-block-latest-posts__post-title\" href=\"https:\/\/outpost.garf.de\/wordpress\/index.php\/2021\/12\/31\/1955-when-europe-still-had-borders\/\">1955: When Europe still had borders<\/a><time datetime=\"2021-12-31T09:09:54+01:00\" class=\"wp-block-latest-posts__post-date\">2021-12-31<\/time><div class=\"wp-block-latest-posts__post-excerpt\">This picture shows the border between Austria and Germany going right through a village. On the very left side you can read the name on a sign &#8222;Grenzkontrollstelle Grossgmain&#8220; (so the picture was taken from the Austrian side). In the middle of the picture you can see a signpost with the emblem of Bavaria (the Bavarian part of the village is called &#8222;Bayerisch Gmain&#8222;). Both border stations are in use and you had to show your id card to each station if you wanted to cross the border. That all went away when Europe finally got their act together and\u2026\u00a0<a class=\"wp-block-latest-posts__read-more\" href=\"https:\/\/outpost.garf.de\/wordpress\/index.php\/2021\/12\/31\/1955-when-europe-still-had-borders\/\" rel=\"noopener noreferrer\"><span class=\"screen-reader-text\">1955: When Europe still had borders <\/span>weiterlesen<\/a><\/div><\/li>\n<li><div class=\"wp-block-latest-posts__featured-image\"><img loading=\"lazy\" decoding=\"async\" width=\"150\" height=\"150\" src=\"https:\/\/outpost.garf.de\/wordpress\/wp-content\/uploads\/2021\/12\/103-150x150.jpg\" class=\"attachment-thumbnail size-thumbnail wp-post-image\" alt=\"\" style=\"\" \/><\/div><a class=\"wp-block-latest-posts__post-title\" href=\"https:\/\/outpost.garf.de\/wordpress\/index.php\/de\/2021\/12\/27\/1953-gasthof-enztallust\/\">1953: Gasthof Enztallust<\/a><time datetime=\"2021-12-27T13:58:11+01:00\" class=\"wp-block-latest-posts__post-date\">2021-12-27<\/time><div class=\"wp-block-latest-posts__post-excerpt\">Auch wenn Ort und Bedeutung von Bildern verloren gegangen ist, kann man manchmal einiges aus dem Bild herauslesen. Hier sieht man den Gasthof &#8222;Enztallust&#8220;, wenn man im Internet danach sucht findet man das Enztalhotel in Enzkl\u00f6sterle (ca. 2h vom Wohnort meines Vaters entfernt). Laut Hotel-Webseite ist der Gasthof 1972 abgebrannt und wurde dann als Hotel neu errichtet. Zum Anlass des Fotos sieht man einen Mann in Anzug und Krawatte in der T\u00fcr stehen. Auch wenn mir der Name nicht bekannt ist, er taucht auf einigen Bildern auf die bei der Arbeit entstanden sind, von daher vermute ich einen Betriebsausflug oder\u2026\u00a0<a class=\"wp-block-latest-posts__read-more\" href=\"https:\/\/outpost.garf.de\/wordpress\/index.php\/de\/2021\/12\/27\/1953-gasthof-enztallust\/\" rel=\"noopener noreferrer\"><span class=\"screen-reader-text\">1953: Gasthof Enztallust <\/span>weiterlesen<\/a><\/div><\/li>\n<li><div class=\"wp-block-latest-posts__featured-image\"><img loading=\"lazy\" decoding=\"async\" width=\"150\" height=\"150\" src=\"https:\/\/outpost.garf.de\/wordpress\/wp-content\/uploads\/2021\/12\/103-150x150.jpg\" class=\"attachment-thumbnail size-thumbnail wp-post-image\" alt=\"\" style=\"\" \/><\/div><a class=\"wp-block-latest-posts__post-title\" href=\"https:\/\/outpost.garf.de\/wordpress\/index.php\/2021\/12\/27\/1953-enztallust\/\">1953: Enztallust<\/a><time datetime=\"2021-12-27T13:58:11+01:00\" class=\"wp-block-latest-posts__post-date\">2021-12-27<\/time><div class=\"wp-block-latest-posts__post-excerpt\">Event and meaning of a lot of these old photos have been forgotten, including this one. But there are some conclusion I can draw from the content or persons pictured. The inn named &#8222;Enztallust&#8220; is located in Enzkl\u00f6sterle, about 2 hours (at that time) from where my father lived. The man with the tie in the door I have seen on other pictures before, it is a colleague of my father, so my guess (!) is that this was some work outing. The inn itself burned down in 1972 and was rebuilt as Enztalhotel and still exists today. The car\u2026\u00a0<a class=\"wp-block-latest-posts__read-more\" href=\"https:\/\/outpost.garf.de\/wordpress\/index.php\/2021\/12\/27\/1953-enztallust\/\" rel=\"noopener noreferrer\"><span class=\"screen-reader-text\">1953: Enztallust <\/span>weiterlesen<\/a><\/div><\/li>\n<\/ul>\n\n\n<p><\/p>","protected":false},"excerpt":{"rendered":"","protected":false},"author":1,"featured_media":0,"parent":0,"menu_order":0,"comment_status":"closed","ping_status":"closed","template":"","meta":{"zakra_page_container_layout":"customizer","zakra_page_sidebar_layout":"customizer","zakra_remove_content_margin":false,"zakra_sidebar":"customizer","zakra_transparent_header":"customizer","zakra_logo":0,"zakra_main_header_style":"default","zakra_menu_item_color":"","zakra_menu_item_hover_color":"","zakra_menu_item_active_color":"","zakra_menu_active_style":"","zakra_page_header":true,"footnotes":""},"class_list":["post-198","page","type-page","status-publish","hentry"],"_links":{"self":[{"href":"https:\/\/outpost.garf.de\/wordpress\/index.php\/wp-json\/wp\/v2\/pages\/198","targetHints":{"allow":["GET"]}}],"collection":[{"href":"https:\/\/outpost.garf.de\/wordpress\/index.php\/wp-json\/wp\/v2\/pages"}],"about":[{"href":"https:\/\/outpost.garf.de\/wordpress\/index.php\/wp-json\/wp\/v2\/types\/page"}],"author":[{"embeddable":true,"href":"https:\/\/outpost.garf.de\/wordpress\/index.php\/wp-json\/wp\/v2\/users\/1"}],"replies":[{"embeddable":true,"href":"https:\/\/outpost.garf.de\/wordpress\/index.php\/wp-json\/wp\/v2\/comments?post=198"}],"version-history":[{"count":26,"href":"https:\/\/outpost.garf.de\/wordpress\/index.php\/wp-json\/wp\/v2\/pages\/198\/revisions"}],"predecessor-version":[{"id":846,"href":"https:\/\/outpost.garf.de\/wordpress\/index.php\/wp-json\/wp\/v2\/pages\/198\/revisions\/846"}],"wp:attachment":[{"href":"https:\/\/outpost.garf.de\/wordpress\/index.php\/wp-json\/wp\/v2\/media?parent=198"}],"curies":[{"name":"wp","href":"https:\/\/api.w.org\/{rel}","templated":true}]}}